{"id":3,"date":"2020-11-10T12:37:34","date_gmt":"2020-11-10T11:37:34","guid":{"rendered":"https:\/\/vdfstaging14.it\/u112\/?page_id=3"},"modified":"2025-10-29T09:27:28","modified_gmt":"2025-10-29T08:27:28","slug":"privacy-policy","status":"publish","type":"page","link":"https:\/\/vdfstaging14.it\/u112\/privacy-policy\/","title":{"rendered":"Privacy Policy"},"content":{"rendered":"\t\t<div data-elementor-type=\"wp-page\" data-elementor-id=\"3\" class=\"elementor elementor-3\" data-elementor-post-type=\"page\">\n\t\t\t\t\t\t<section class=\"elementor-section elementor-top-section elementor-element elementor-element-712eb7a2 elementor-section-boxed elementor-section-height-default elementor-section-height-default\" data-id=\"712eb7a2\" data-element_type=\"section\">\n\t\t\t\t\t\t<div class=\"elementor-container elementor-column-gap-default\">\n\t\t\t\t\t<div class=\"elementor-column elementor-col-100 elementor-top-column elementor-element elementor-element-74a7178c\" data-id=\"74a7178c\" data-element_type=\"column\">\n\t\t\t<div class=\"elementor-widget-wrap elementor-element-populated\">\n\t\t\t\t\t\t<div class=\"elementor-element elementor-element-939ebc2 elementor-widget elementor-widget-heading\" data-id=\"939ebc2\" data-element_type=\"widget\" data-widget_type=\"heading.default\">\n\t\t\t\t<div class=\"elementor-widget-container\">\n\t\t\t\t\t<h1 class=\"elementor-heading-title elementor-size-default\">Privacy Policy - hairsalonlisciericci.it <\/h1>\t\t\t\t<\/div>\n\t\t\t\t<\/div>\n\t\t\t\t<div class=\"elementor-element elementor-element-457dc2f7 elementor-widget elementor-widget-text-editor\" data-id=\"457dc2f7\" data-element_type=\"widget\" data-widget_type=\"text-editor.default\">\n\t\t\t\t<div class=\"elementor-widget-container\">\n\t\t\t\t\t\t\t\t\t\n<p>Privacy Policy<\/p>\n<p>Questo Sito Web raccoglie alcuni Dati Personali dei propri Utenti.<\/p>\n<p>\u00a0<\/p>\n<p>Informazioni di contatto<\/p>\n<p><br \/><br \/><\/p>\n<p>Titolare del Trattamento dei Dati<\/p>\n<p>RAGIONE SOCIALE TITOLARE DEL TRATTAMENTO DI TOLVE ERICA<\/p>\n<p>INDIRIZZO TITOLARE DEL TRATTAMENTO Via Pollenzo, 10\/D, 10141 Torino TO, Italia<\/p>\n<p>Telefono: +39 3911797560<\/p>\n<p>Indirizzo email del Titolare: ericaditolve@yahoo.it<\/p>\n<p>POLICY COMPLETA<\/p>\n<p>Tipologie di Dati raccolti<\/p>\n<p>Fra i Dati Personali raccolti da questo Sito Web, in modo autonomo o tramite terze parti, ci sono: Cookie; Dati di utilizzo; nome; cognome; numero di telefono; Partita IVA; ragione sociale; indirizzo; nazione; stato; provincia; email; CAP; varie tipologie di Dati; citt\u00e0..<\/p>\n<p>Dettagli completi su ciascuna tipologia di dati raccolti sono forniti nelle sezioni dedicate di questa privacy policy o mediante specifici testi informativi visualizzati prima della raccolta dei dati stessi.<\/p>\n<p>I Dati Personali possono essere liberamente forniti dall&#8217;Utente o, nel caso di Dati di Utilizzo, raccolti automaticamente durante l&#8217;uso di questo Sito Web.<\/p>\n<p>Se non diversamente specificato, tutti i Dati richiesti da questo Sito Web sono obbligatori. Se l\u2019Utente rifiuta di comunicarli, potrebbe essere impossibile per questo Sito Web fornire il Servizio. Nei casi in cui questo Sito Web indichi alcuni Dati come facoltativi, gli Utenti sono liberi di astenersi dal comunicare tali Dati, senza che ci\u00f2 abbia alcuna conseguenza sulla disponibilit\u00e0 del Servizio o sulla sua operativit\u00e0.<\/p>\n<p>Gli Utenti che dovessero avere dubbi su quali Dati siano obbligatori, sono incoraggiati a contattare il Titolare.<\/p>\n<p>L\u2019eventuale utilizzo di Cookie &#8211; o di altri strumenti di tracciamento &#8211; da parte di questo Sito Web o dei titolari dei servizi terzi utilizzati da questo Sito Web, ove non diversamente precisato, ha la finalit\u00e0 di fornire il Servizio richiesto dall&#8217;Utente, oltre alle ulteriori finalit\u00e0 descritte nel presente documento e nella Cookie Policy, se disponibile.<\/p>\n<p>L&#8217;Utente si assume la responsabilit\u00e0 dei Dati Personali di terzi ottenuti, pubblicati o condivisi mediante questo Sito Web e garantisce di avere il diritto di comunicarli o diffonderli, liberando il Titolare da qualsiasi responsabilit\u00e0 verso terzi.<\/p>\n<p>Modalit\u00e0 e luogo del trattamento dei Dati raccolti<\/p>\n<p>Modalit\u00e0 di trattamento<\/p>\n<p>Il Titolare adotta le opportune misure di sicurezza volte ad impedire l\u2019accesso, la divulgazione, la modifica o la distruzione non autorizzate dei Dati Personali.<\/p>\n<p>Il trattamento viene effettuato mediante strumenti informatici e\/o telematici, con modalit\u00e0 organizzative e con logiche strettamente correlate alle finalit\u00e0 indicate. Oltre al Titolare, in alcuni casi, potrebbero avere accesso ai Dati altri soggetti coinvolti nell\u2019organizzazione di questo Sito Web (personale amministrativo, commerciale, marketing, legali, amministratori di sistema) ovvero soggetti esterni (come fornitori di servizi tecnici terzi, corrieri postali, hosting provider, societ\u00e0 informatiche, agenzie di comunicazione) nominati anche, se necessario, Responsabili del Trattamento da parte del Titolare. L\u2019elenco aggiornato dei Responsabili potr\u00e0 sempre essere richiesto al Titolare del Trattamento.<\/p>\n<p>Base giuridica del trattamento<\/p>\n<p>Il Titolare tratta Dati Personali relativi all\u2019Utente in caso sussista una delle seguenti condizioni:<\/p>\n<p>\u2022 l\u2019Utente ha prestato il consenso per una o pi\u00f9 finalit\u00e0 specifiche;<\/p>\n<p>\u2022 il trattamento \u00e8 necessario all&#8217;esecuzione di un contratto con l\u2019Utente e\/o all&#8217;esecuzione di misure precontrattuali;<\/p>\n<p>\u2022 il trattamento \u00e8 necessario per adempiere un obbligo legale al quale \u00e8 soggetto il Titolare;<\/p>\n<p>\u2022 il trattamento \u00e8 necessario per l&#8217;esecuzione di un compito di interesse pubblico o per l&#8217;esercizio di pubblici poteri di cui \u00e8 investito il Titolare;<\/p>\n<p>\u2022 il trattamento \u00e8 necessario per il perseguimento del legittimo interesse del Titolare o di terzi.<\/p>\n<p>\u00c8 comunque sempre possibile richiedere al Titolare di chiarire la concreta base giuridica di ciascun trattamento ed in particolare di specificare se il trattamento sia basato sulla legge, previsto da un contratto o necessario per concludere un contratto.<\/p>\n<p>Luogo<\/p>\n<p>I Dati sono trattati presso le sedi operative del Titolare ed in ogni altro luogo in cui le parti coinvolte nel trattamento siano localizzate. Per ulteriori informazioni, contatta il Titolare..<\/p>\n<p><br \/><br \/><\/p>\n<p>Periodo di conservazione<\/p>\n<p>I Dati sono trattati e conservati per il tempo richiesto dalle finalit\u00e0 per le quali sono stati raccolti.<\/p>\n<p>Pertanto:<\/p>\n<p>\u2022 I Dati Personali raccolti per scopi collegati all\u2019esecuzione di un contratto tra il Titolare e l\u2019Utente saranno trattenuti sino a quando sia completata l\u2019esecuzione di tale contratto.<\/p>\n<p>\u2022 I Dati Personali raccolti per finalit\u00e0 riconducibili all\u2019interesse legittimo del Titolare saranno trattenuti sino al soddisfacimento di tale interesse. L\u2019Utente pu\u00f2 ottenere ulteriori informazioni in merito all\u2019interesse legittimo perseguito dal Titolare nelle relative sezioni di questo documento o contattando il Titolare.<\/p>\n<p>Quando il trattamento \u00e8 basato sul consenso dell\u2019Utente, il Titolare pu\u00f2 conservare i Dati Personali pi\u00f9 a lungo sino a quando detto consenso non venga revocato. Inoltre, il Titolare potrebbe essere obbligato a conservare i Dati Personali per un periodo pi\u00f9 lungo in ottemperanza ad un obbligo di legge o per ordine di un\u2019autorit\u00e0.<\/p>\n<p><br \/><br \/><\/p>\n<p>Al termine del periodo di conservazione i Dati Personali saranno cancellati. Pertanto, allo spirare di tale termine il diritto di accesso, cancellazione, rettificazione ed il diritto alla portabilit\u00e0 dei Dati non potranno pi\u00f9 essere esercitati.<\/p>\n<p>Finalit\u00e0 del Trattamento dei Dati raccolti<\/p>\n<p>I Dati dell\u2019Utente sono raccolti per consentire al Titolare di fornire il Servizio, adempiere agli obblighi di legge, rispondere a richieste o azioni esecutive, tutelare i propri diritti ed interessi (o quelli di Utenti o di terze parti), individuare eventuali attivit\u00e0 dolose o fraudolente, nonch\u00e9 per le seguenti finalit\u00e0: Statistica, Contattare l&#8217;Utente, Protezione dallo SPAM, Visualizzazione di contenuti da piattaforme esterne, Interazione con social network e piattaforme esterne, Monitoraggio dell&#8217;infrastruttura e Hosting ed infrastruttura backend.<\/p>\n<p>Per ottenere informazioni dettagliate sulle finalit\u00e0 del trattamento e sui Dati Personali trattati per ciascuna finalit\u00e0, l\u2019Utente pu\u00f2 fare riferimento alla sezione \u201cDettagli sul trattamento dei Dati Personali\u201d.<\/p>\n<p>Dettagli sul trattamento dei Dati Personali<\/p>\n<p>I Dati Personali sono raccolti per le seguenti finalit\u00e0 ed utilizzando i seguenti servizi:<\/p>\n<p>\u2022 Contattare l&#8217;Utente<\/p>\n<p>Modulo di contatto (questo Sito Web)<\/p>\n<p>L\u2019Utente, compilando con i propri Dati il modulo di contatto, acconsente al loro utilizzo per rispondere alle richieste di informazioni, di preventivo, o di qualunque altra natura indicata dall\u2019intestazione del modulo.<\/p>\n<p>Dati Personali trattati: CAP; citt\u00e0; cognome; data di nascita; email; indirizzo; nazione; nome; numero di telefono; Partita IVA; provincia; ragione sociale; stato; varie tipologie di Dati.<\/p>\n<p>\u2022 Statistica<\/p>\n<p>I servizi contenuti nella presente sezione permettono al Titolare del Trattamento di monitorare e analizzare i dati di traffico e servono a tener traccia del comportamento dell\u2019Utente.<\/p>\n<p>Google Analytics (Google LLC)<\/p>\n<p>Google Analytics \u00e8 un servizio di analisi web fornito da Google LLC (\u201cGoogle\u201d). Google utilizza i Dati Personali raccolti allo scopo di tracciare ed esaminare l\u2019utilizzo di questo Sito Web, compilare report e condividerli con gli altri servizi sviluppati da Google.<\/p>\n<p>Google potrebbe utilizzare i Dati Personali per contestualizzare e personalizzare gli annunci del proprio network pubblicitario.<\/p>\n<p>Dati Personali trattati: Cookie; Dati di utilizzo.<\/p>\n<p>Luogo del trattamento: Stati Uniti<\/p>\n<p><br \/><br \/><\/p>\n<p>Diritti dell\u2019Utente<\/p>\n<p>Gli Utenti possono esercitare determinati diritti con riferimento ai Dati trattati dal Titolare.<\/p>\n<p>In particolare, l\u2019Utente ha il diritto di:<\/p>\n<p>\u2022 revocare il consenso in ogni momento. L\u2019Utente pu\u00f2 revocare il consenso al trattamento dei propri Dati Personali precedentemente espresso.<\/p>\n<p>\u2022 opporsi al trattamento dei propri Dati. L\u2019Utente pu\u00f2 opporsi al trattamento dei propri Dati quando esso avviene su una base giuridica diversa dal consenso. Ulteriori dettagli sul diritto di opposizione sono indicati nella sezione sottostante.<\/p>\n<p>\u2022 accedere ai propri Dati. L\u2019Utente ha diritto ad ottenere informazioni sui Dati trattati dal Titolare, su determinati aspetti del trattamento ed a ricevere una copia dei Dati trattati.<\/p>\n<p>\u2022 verificare e chiedere la rettificazione. L\u2019Utente pu\u00f2 verificare la correttezza dei propri Dati e richiederne l\u2019aggiornamento o la correzione.<\/p>\n<p>\u2022 ottenere la limitazione del trattamento. Quando ricorrono determinate condizioni, l\u2019Utente pu\u00f2 richiedere la limitazione del trattamento dei propri Dati. In tal caso il Titolare non tratter\u00e0 i Dati per alcun altro scopo se non la loro conservazione.<\/p>\n<p>\u2022 ottenere la cancellazione o rimozione dei propri Dati Personali. Quando ricorrono determinate condizioni, l\u2019Utente pu\u00f2 richiedere la cancellazione dei propri Dati da parte del Titolare.<\/p>\n<p>\u2022 ricevere i propri Dati o farli trasferire ad altro titolare. L\u2019Utente ha diritto di ricevere i propri Dati in formato strutturato, di uso comune e leggibile da dispositivo automatico e, ove tecnicamente fattibile, di ottenerne il trasferimento senza ostacoli ad un altro titolare. Questa disposizione \u00e8 applicabile quando i Dati sono trattati con strumenti automatizzati ed il trattamento \u00e8 basato sul consenso dell\u2019Utente, su un contratto di cui l\u2019Utente \u00e8 parte o su misure contrattuali ad esso connesse.<\/p>\n<p>\u2022 proporre reclamo. L\u2019Utente pu\u00f2 proporre un reclamo all\u2019autorit\u00e0 di controllo della protezione dei dati personali competente o agire in sede giudiziale.<\/p>\n<p>Dettagli sul diritto di opposizione<\/p>\n<p>Quando i Dati Personali sono trattati nell\u2019interesse pubblico, nell\u2019esercizio di pubblici poteri di cui \u00e8 investito il Titolare oppure per perseguire un interesse legittimo del Titolare, gli Utenti hanno diritto ad opporsi al trattamento per motivi connessi alla loro situazione particolare.<\/p>\n<p>Si fa presente agli Utenti che, ove i loro Dati fossero trattati con finalit\u00e0 di marketing diretto, possono opporsi al trattamento senza fornire alcuna motivazione. Per scoprire se il Titolare tratti dati con finalit\u00e0 di marketing diretto gli Utenti possono fare riferimento alle rispettive sezioni di questo documento.<\/p>\n<p>Come esercitare i diritti<\/p>\n<p>Per esercitare i diritti dell\u2019Utente, gli Utenti possono indirizzare una richiesta agli estremi di contatto del Titolare indicati in questo documento.<\/p>\n<p><br \/><br \/><\/p>\n<p>Ulteriori informazioni sul trattamento<\/p>\n<p>Difesa in giudizio<\/p>\n<p>I Dati Personali dell\u2019Utente possono essere utilizzati da parte del Titolare in giudizio o nelle fasi preparatorie alla sua eventuale instaurazione per la difesa da abusi nell&#8217;utilizzo di questo Sito Web o dei Servizi connessi da parte dell\u2019Utente.<\/p>\n<p>L\u2019Utente dichiara di essere consapevole che il Titolare potrebbe essere obbligato a rivelare i Dati per ordine delle autorit\u00e0 pubbliche.<\/p>\n<p>Informative specifiche<\/p>\n<p>Su richiesta dell\u2019Utente, in aggiunta alle informazioni contenute in questa privacy policy, questo Sito Web potrebbe fornire all&#8217;Utente delle informative aggiuntive e contestuali riguardanti Servizi specifici, o la raccolta ed il trattamento di Dati Personali.<\/p>\n<p>Log di sistema e manutenzione<\/p>\n<p>Per necessit\u00e0 legate al funzionamento ed alla manutenzione, questo Sito Web e gli eventuali servizi terzi da essa utilizzati potrebbero raccogliere log di sistema, ossia file che registrano le interazioni e che possono contenere anche Dati Personali, quali l\u2019indirizzo IP Utente.<\/p>\n<p>Modifiche a questa privacy policy<\/p>\n<p>Il Titolare del Trattamento si riserva il diritto di apportare modifiche alla presente privacy policy in qualunque momento notificandolo agli Utenti su questa pagina e, se possibile, su questo Sito Web nonch\u00e9, qualora tecnicamente e legalmente fattibile, inviando una notifica agli Utenti attraverso uno degli estremi di contatto di cui \u00e8 in possesso. Si prega dunque di consultare con frequenza questa pagina, facendo riferimento alla data di ultima modifica indicata in fondo.<\/p>\n<p><br \/><br \/><\/p>\n<p>Qualora le modifiche interessino trattamenti la cui base giuridica \u00e8 il consenso, il Titolare provveder\u00e0 a raccogliere nuovamente il consenso dell\u2019Utente, se necessario.<\/p>\n<p>Definizioni e riferimenti legali<\/p>\n<p>Dati Personali (o Dati)<\/p>\n<p>Costituisce dato personale qualunque informazione che, direttamente o indirettamente, anche in collegamento con qualsiasi altra informazione, ivi compreso un numero di identificazione personale, renda identificata o identificabile una persona fisica.<\/p>\n<p>Dati di Utilizzo<\/p>\n<p>Sono le informazioni raccolte automaticamente attraverso questo Sito Web (anche da applicazioni di parti terze integrate in questo Sito Web), tra cui: gli indirizzi IP o i nomi a dominio dei computer utilizzati dall\u2019Utente che si connette con questo Sito Web, gli indirizzi in notazione URI (Uniform Resource Identifier), l\u2019orario della richiesta, il metodo utilizzato nell\u2019inoltrare la richiesta al server, la dimensione del file ottenuto in risposta, il codice numerico indicante lo stato della risposta dal server (buon fine, errore, ecc.) il paese di provenienza, le caratteristiche del browser e del sistema operativo utilizzati dal visitatore, le varie connotazioni temporali della visita (ad esempio il tempo di permanenza su ciascuna pagina) e i dettagli relativi all\u2019itinerario seguito all\u2019interno dell\u2019Applicazione, con particolare riferimento alla sequenza delle pagine consultate, ai parametri relativi al sistema operativo e all\u2019ambiente informatico dell\u2019Utente.<\/p>\n<p>Utente<\/p>\n<p>L&#8217;individuo che utilizza questo Sito Web che, salvo ove diversamente specificato, coincide con l&#8217;Interessato.<\/p>\n<p>Interessato<\/p>\n<p>La persona fisica cui si riferiscono i Dati Personali.<\/p>\n<p>Responsabile del Trattamento (o Responsabile)<\/p>\n<p>La persona fisica, giuridica, la pubblica amministrazione e qualsiasi altro ente che tratta dati personali per conto del Titolare, secondo quanto esposto nella presente privacy policy.<\/p>\n<p>Titolare del Trattamento (o Titolare)<\/p>\n<p>La persona fisica o giuridica, l&#8217;autorit\u00e0 pubblica, il servizio o altro organismo che, singolarmente o insieme ad altri, determina le finalit\u00e0 e i mezzi del trattamento di dati personali e gli strumenti adottati, ivi comprese le misure di sicurezza relative al funzionamento ed alla fruizione di questo Sito Web. Il Titolare del Trattamento, salvo quanto diversamente specificato, \u00e8 il titolare di questo Sito Web.<\/p>\n<p>Questo Sito Web (o questa Applicazione)<\/p>\n<p>Lo strumento hardware o software mediante il quale sono raccolti e trattati i Dati Personali degli Utenti.<\/p>\n<p>Servizio<\/p>\n<p>Il Servizio fornito da questo Sito Web cos\u00ec come definito nei relativi termini (se presenti) su questo sito\/applicazione.<\/p>\n<p>I Cookie sono Strumenti di Tracciamento che consistono in piccole porzioni di dati conservate all&#8217;interno del browser dell&#8217;Utente.<\/p>\n<p>Strumento di Tracciamento<\/p>\n<p>Per Strumento di Tracciamento s\u2019intende qualsiasi tecnologia &#8211; es. Cookie, identificativi univoci, web beacons, script integrati, e-tag e fingerprinting &#8211; che consenta di tracciare gli Utenti, per esempio raccogliendo o salvando informazioni sul dispositivo dell\u2019Utente.<\/p>\n<p>________________________________________<\/p>\n<p>Riferimenti legali<\/p>\n<p>La presente informativa privacy \u00e8 redatta sulla base di molteplici ordinamenti legislativi, inclusi gli artt. 13 e 14 del Regolamento (UE) 2016\/679.<\/p>\n<p>Ove non diversamente specificato, questa informativa privacy riguarda esclusivamente questo Sito Web.<\/p>\n<p><br \/><br \/><\/p>\n\t\t\t\t\t\t\t\t<\/div>\n\t\t\t\t<\/div>\n\t\t\t\t\t<\/div>\n\t\t<\/div>\n\t\t\t\t\t<\/div>\n\t\t<\/section>\n\t\t\t\t<\/div>\n\t\t","protected":false},"excerpt":{"rendered":"<p>Privacy Policy &#8211; hairsalonlisciericci.it Privacy Policy Questo Sito Web raccoglie alcuni Dati Personali dei propri Utenti. \u00a0 Informazioni di contatto Titolare del Trattamento dei Dati RAGIONE SOCIALE TITOLARE DEL TRATTAMENTO DI TOLVE ERICA INDIRIZZO TITOLARE DEL TRATTAMENTO Via Pollenzo, 10\/D, 10141 Torino TO, Italia Telefono: +39 3911797560 Indirizzo email del Titolare: ericaditolve@yahoo.it POLICY COMPLETA Tipologie [&hellip;]<\/p>\n","protected":false},"author":1,"featured_media":0,"parent":0,"menu_order":0,"comment_status":"closed","ping_status":"closed","template":"elementor_header_footer","meta":{"footnotes":""},"class_list":["post-3","page","type-page","status-publish","hentry"],"aioseo_notices":[],"_links":{"self":[{"href":"https:\/\/vdfstaging14.it\/u112\/wp-json\/wp\/v2\/pages\/3","targetHints":{"allow":["GET"]}}],"collection":[{"href":"https:\/\/vdfstaging14.it\/u112\/wp-json\/wp\/v2\/pages"}],"about":[{"href":"https:\/\/vdfstaging14.it\/u112\/wp-json\/wp\/v2\/types\/page"}],"author":[{"embeddable":true,"href":"https:\/\/vdfstaging14.it\/u112\/wp-json\/wp\/v2\/users\/1"}],"replies":[{"embeddable":true,"href":"https:\/\/vdfstaging14.it\/u112\/wp-json\/wp\/v2\/comments?post=3"}],"version-history":[{"count":13,"href":"https:\/\/vdfstaging14.it\/u112\/wp-json\/wp\/v2\/pages\/3\/revisions"}],"predecessor-version":[{"id":693,"href":"https:\/\/vdfstaging14.it\/u112\/wp-json\/wp\/v2\/pages\/3\/revisions\/693"}],"wp:attachment":[{"href":"https:\/\/vdfstaging14.it\/u112\/wp-json\/wp\/v2\/media?parent=3"}],"curies":[{"name":"wp","href":"https:\/\/api.w.org\/{rel}","templated":true}]}}